{"id":35,"date":"2014-11-02T16:57:37","date_gmt":"2014-11-02T16:57:37","guid":{"rendered":"http:\/\/demowp.cththemes.com\/lotek\/?page_id=35"},"modified":"2025-01-12T13:20:14","modified_gmt":"2025-01-12T18:20:14","slug":"home-alternative1-2","status":"publish","type":"page","link":"https:\/\/allintecperu.com\/es\/","title":{"rendered":"Home Alternative1"},"content":{"rendered":"<div class=\"wpb-content-wrapper\"><p>[vc_row ses_id=\u00bbintro\u00bb ses_class=\u00bbcontain colorbg\u00bb layout=\u00bbintro_sec\u00bb][vc_column width=\u00bb1\/2&#8243; animation=\u00bbyes\u00bb effect=\u00bbbounceInDown\u00bb delay=\u00bb0.2s\u00bb][vc_column_text]<\/p>\n<h3 class=\"headline\">Allintec<br \/>\nperu<\/h3>\n<p>Somos una empresa inspirada en la tecnolog\u00eda moderna, estamos preparados para satisfacer las necesidades con\u00a0conocimiento en TI (Tecnolog\u00eda de la Informaci\u00f3n) en nuestro Pa\u00eds\u00a0y optimizar procesos de negocios empresariales e institucionales.<\/p>\n<p>Estamos especializados en el dise\u00f1o e implantaci\u00f3n de sistemas de gesti\u00f3n, la optimizaci\u00f3n de procesos operativos y el diagn\u00f3stico y configuraci\u00f3n de la cultura empresarial. Nuestro compromiso es dar soluciones mediante el uso de procesos adecuados con Tecnolog\u00eda de vanguardia. Ingrese a los cambios tecnol\u00f3gicos, nosotros nos encargamos de asesorarlo, implementarlo y asistirlo.<\/p>\n<p><a class=\"btn btn-default btn-lg btn-scroll\" href=\"#features\">Nuestros servicios<\/a>[\/vc_column_text][\/vc_column][vc_column width=\u00bb1\/2&#8243; animation=\u00bbyes\u00bb effect=\u00bbbounceInDown\u00bb delay=\u00bb0.6s\u00bb][vc_single_image image=\u00bb18&#8243; img_size=\u00bbfull\u00bb el_class=\u00bbimg-responsive pull-right\u00bb][\/vc_column][\/vc_row][vc_row ses_id=\u00bbfeatures\u00bb ses_class=\u00bbcontain darkbg\u00bb ses_title=\u00bbServicios\u00bb ses_icon=\u00bbthumbs-up\u00bb wrap_class=\u00bbfeatures-body\u00bb layout=\u00bbfeatures_sec\u00bb][vc_column width=\u00bb1\/4&#8243; animation=\u00bbyes\u00bb effect=\u00bbbounceInDown\u00bb delay=\u00bb0.4s\u00bb el_class=\u00bbfeatures-box\u00bb]<i class=\"fa fa-tablet icon-feature\"><\/i><h5>Capacitaci\u00f3n<\/h5><p>en nuevas TIC, automatizaci\u00f3n de informaci\u00f3n, modelos de negocio y servicios Cloud Computing.<\/p><a href=\"#\"><i class=\"fa fa-link\"><\/i> Learn more<\/a>[\/vc_column][vc_column width=\u00bb1\/4&#8243; animation=\u00bbyes\u00bb effect=\u00bbbounceInDown\u00bb delay=\u00bb0.6s\u00bb el_class=\u00bbfeatures-box\u00bb]<i class=\"fa fa-wrench icon-feature\"><\/i><h5>Desarrollo<\/h5><p>Aplicaciones web con frontend y backend de CMS, e-commerce, e-learning, MOOC para su empresa.<\/p><a href=\"#\"><i class=\"fa fa-link\"><\/i> Learn more<\/a>[\/vc_column][vc_column width=\u00bb1\/4&#8243; animation=\u00bbyes\u00bb effect=\u00bbbounceInDown\u00bb delay=\u00bb0.8s\u00bb el_class=\u00bbfeatures-box\u00bb]<i class=\"fa fa-file-o icon-feature\"><\/i><h5>Ventas<\/h5><p>Hosting y dominios, Solicite su espacion en la web y dominio en la extensi\u00f3n que usted guste .com .net .gob.pe, etc.<\/p><a href=\"#\"><i class=\"fa fa-link\"><\/i> Learn more<\/a>[\/vc_column][vc_column width=\u00bb1\/4&#8243; animation=\u00bbyes\u00bb effect=\u00bbbounceInDown\u00bb delay=\u00bb1s\u00bb el_class=\u00bbfeatures-box\u00bb]<i class=\"fa fa-refresh icon-feature\"><\/i><h5>Consultoria<\/h5><p>en Sistemas y Tecnolog\u00edas de informaci\u00f3n y comunicaciones TIC para la mejora de procesos de su instituci\u00f3n<\/p><a href=\"#\"><i class=\"fa fa-link\"><\/i> Learn more<\/a>[\/vc_column][\/vc_row][vc_row ses_id=\u00bbtestimoni\u00bb ses_class=\u00bbcontain darkbg\u00bb ses_title=\u00bbClientes\u00bb layout=\u00bbtestimonials_sec\u00bb fullwidth=\u00bbno\u00bb][vc_column wap_class=\u00bbtestimoni-wrapper\u00bb]<i class=\"fa fa-quote-left wow rotateIn\" data-wow-delay=\"0.4s\"><\/i><div class=\"flexslider wow rotateInDownLeft\" data-wow-delay=\"0.4s\">\n<ul class=\"slides\">\n<li>\n<div class=\"testimoni-box\">\n<div class=\"testimoni-avatar\">\n<img decoding=\"async\" src=\"https:\/\/allintecperu.com\/es\/wp-content\/uploads\/bfi_thumb\/avatar4-macd0pzsbhyu1k09xx5yvypj7obvdwqjsaq6cyt5h4.jpg\" class=\"img-responsive\" alt=\"Tes4\" \/>\n<\/div>\n<div class=\"testimoni-text\">\n<h3><span>Jean<\/span> roll<\/h3>\n<blockquote>\n<p>No erat dicat vis. Sea an apeirian inciderint, quo id dico agam cotidieque, pro exerci latine eu. Sea cibo alterum antiopam ei.<\/p>\n<\/blockquote>\n<span class=\"company-name\">Client company<\/span>\n<\/div>\n<\/div>\n<\/li>\n<li>\n<div class=\"testimoni-box\">\n<div class=\"testimoni-avatar\">\n<img decoding=\"async\" src=\"https:\/\/allintecperu.com\/es\/wp-content\/uploads\/bfi_thumb\/avatar3-macd0o43xtw9ec308wcpqz6m0wl4yij341f7eevxtk.jpg\" class=\"img-responsive\" alt=\"Tes3\" \/>\n<\/div>\n<div class=\"testimoni-text\">\n<h3><span>Alex<\/span> noah<\/h3>\n<blockquote>\n<p>Disputando dissentiunt ei pro, equidem tibique maluisset et his. Graeci habemus pro in, ei eam quas vivendum comprehensam.<\/p>\n<\/blockquote>\n<span class=\"company-name\">Client company<\/span>\n<\/div>\n<\/div>\n<\/li>\n<li>\n<div class=\"testimoni-box\">\n<div class=\"testimoni-avatar\">\n<img decoding=\"async\" src=\"https:\/\/allintecperu.com\/es\/wp-content\/uploads\/bfi_thumb\/avatar2-macd0n69qzuz2q4dedy36hf5fiprqtfcrwrpx4xbzs.jpg\" class=\"img-responsive\" alt=\"Tes2\" \/>\n<\/div>\n<div class=\"testimoni-text\">\n<h3><span>Anne<\/span> block<\/h3>\n<blockquote>\n<p>Eam facer elaboraret ea, ad eos nullam consulatu maiestatis. Eum mazim simul ne, dicta mnesarchum duo no, ex nec graece verear quodsi mentitum iudicabit.<\/p>\n<\/blockquote>\n<span class=\"company-name\">Client company<\/span>\n<\/div>\n<\/div>\n<\/li>\n<li>\n<div class=\"testimoni-box\">\n<div class=\"testimoni-avatar\">\n<img decoding=\"async\" src=\"https:\/\/allintecperu.com\/es\/wp-content\/uploads\/bfi_thumb\/avatar1-macd0m8fk5tor45qjvjglznou4uej4bmfs48fuyq60.jpg\" class=\"img-responsive\" alt=\"Tes1\" \/>\n<\/div>\n<div class=\"testimoni-text\">\n<h3><span>John<\/span> doe<\/h3>\n<blockquote>\n<p>Harum accusata at pro, mea ne enim probo mediocrem. Vel ei voluptua ponderum phaedrum, pro atqui intellegam id. Clita perpetua pri et, in vis suas invenire definitionem.<\/p>\n<\/blockquote>\n<span class=\"company-name\">Client company<\/span>\n<\/div>\n<\/div>\n<\/li>\n<\/ul>\n<\/div>[\/vc_column][\/vc_row][vc_row ses_id=\u00bbProducts\u00bb ses_class=\u00bbcontain darkbg\u00bb ses_title=\u00bbProductos\u00bb wrap_class=\u00bbProducts-wrapper\u00bb layout=\u00bbproducts_sec\u00bb fullwidth=\u00bbno\u00bb][vc_column wap_class=\u00bbProducts-wrapper\u00bb]<i class=\"fa fa-image wow rotateIn\" data-wow-delay=\"0.4s\"><\/i><ul class=\"products_list wow fadeInUp\">\n<\/ul>[\/vc_column][\/vc_row][vc_row ses_id=\u00bbteam\u00bb ses_class=\u00bbcontain colorbg\u00bb ses_title=\u00bbEquipo\u00bb ses_icon=\u00bbgroup\u00bb layout=\u00bbteam_sec\u00bb fullwidth=\u00bbno\u00bb][vc_column width=\u00bb1\/2&#8243; wap_class=\u00bbteam-left\u00bb]<div class=\"team-box wow bounceInDown\" data-wow-delay=\"0.4s\">\n<div class=\"team-profile\">\n<h6>John doe<\/h6>\n<p>Web designer<\/p>\n<a href=\"#\"><i class=\"fa fa-facebook icon-social\"><\/i><\/a>\n<a href=\"#\"><i class=\"fa fa-twitter icon-social\"><\/i><\/a>\n<a href=\"#\"><i class=\"fa fa-linkedin icon-social\"><\/i><\/a>\n<\/div>\n<img decoding=\"async\" src=\"https:\/\/allintecperu.com\/es\/wp-content\/uploads\/2014\/11\/team1.png\" class=\"img-responsive\" alt=\"John doe\" \/>\n<\/div><div class=\"team-box wow bounceInDown\" data-wow-delay=\"0.6s\">\n<div class=\"team-profile\">\n<h6>John doe<\/h6>\n<p>Web designer<\/p>\n<a href=\"#\"><i class=\"fa fa-facebook icon-social\"><\/i><\/a>\n<a href=\"#\"><i class=\"fa fa-twitter icon-social\"><\/i><\/a>\n<a href=\"#\"><i class=\"fa fa-linkedin icon-social\"><\/i><\/a>\n<\/div>\n<img decoding=\"async\" src=\"https:\/\/allintecperu.com\/es\/wp-content\/uploads\/2014\/11\/team2.png\" class=\"img-responsive\" alt=\"John doe\" \/>\n<\/div>[\/vc_column][vc_column width=\u00bb1\/2&#8243; wap_class=\u00bbteam-right\u00bb]<div class=\"team-box wow bounceInUp\" data-wow-delay=\"0.8s\">\n<div class=\"team-profile\">\n<h6>John doe<\/h6>\n<p>Web designer<\/p>\n<a href=\"#\"><i class=\"fa fa-facebook icon-social\"><\/i><\/a>\n<a href=\"#\"><i class=\"fa fa-twitter icon-social\"><\/i><\/a>\n<a href=\"#\"><i class=\"fa fa-linkedin icon-social\"><\/i><\/a>\n<\/div>\n<img decoding=\"async\" src=\"https:\/\/allintecperu.com\/es\/wp-content\/uploads\/2014\/11\/team3.png\" class=\"img-responsive\" alt=\"John doe\" \/>\n<\/div><div class=\"team-box wow bounceInUp\" data-wow-delay=\"1s\">\n<div class=\"team-profile\">\n<h6>John doe<\/h6>\n<p>Web designer<\/p>\n<a href=\"#\"><i class=\"fa fa-facebook icon-social\"><\/i><\/a>\n<a href=\"#\"><i class=\"fa fa-twitter icon-social\"><\/i><\/a>\n<a href=\"#\"><i class=\"fa fa-linkedin icon-social\"><\/i><\/a>\n<\/div>\n<img decoding=\"async\" src=\"https:\/\/allintecperu.com\/es\/wp-content\/uploads\/2014\/11\/team4.png\" class=\"img-responsive\" alt=\"John doe\" \/>\n<\/div>[\/vc_column][\/vc_row][vc_row ses_id=\u00bbblog\u00bb ses_class=\u00bbcontain colorbg\u00bb ses_title=\u00bbNovedades\u00bb layout=\u00bbblog_sec\u00bb fullwidth=\u00bbno\u00bb][vc_column wap_class=\u00bbblog-wrapper\u00bb]<i class=\"fa fa-pencil wow rotateIn\" data-wow-delay=\"0.4s\"><\/i><div class=\"flexslider wow rotateInDownLeft\">\n<ul class=\"slides\">\n<li>\n<div class=\"blog-box\">\n<div class=\"blog-thumbls\">\n<img decoding=\"async\" src=\"https:\/\/allintecperu.com\/es\/wp-content\/uploads\/bfi_thumb\/GREMIA_Sistema-de-Administraci\u00f3n-de-Colegios-Profesionales_Page_02-rkkxbenvyp3soscqyaropq16143g1v2q800go2l5vc.jpg\" class=\"img-responsive\" alt=\"Sistema de Administraci\u00f3n de Colegios Profesionales \u2013 GREMIA\" \/>\n<\/div>\n<div class=\"artcle\">\n<div class=\"article-head\">\n<div class=\"date-post\">\n<span class=\"date\">16<\/span>\n<span class=\"mo-year\">03-2026<\/span>\n<\/div>\n<h5>Sistema de Administraci\u00f3n de Colegios Profesionales \u2013 GREMIA<\/h5>\n<ul class=\"meta-post\">\n<li><i class=\"fa fa-user\"><\/i> <a href=\"https:\/\/allintecperu.com\/es\/author\/admin\/\">admin<\/a><\/li>\n<li><i class=\"fa fa-file\"><\/i> \n<a href=\"https:\/\/allintecperu.com\/es\/categoria\/emprendimiento\/\" >Emprendimiento<\/a>\n<\/li>\n<li><i class=\"fa fa-comment\"><\/i> <a href=\"https:\/\/allintecperu.com\/es\/emprendimiento\/sistema-de-administracion-de-colegios-profesionales-sacpro\/#comments\">\n5<\/a><\/li>\n<\/ul>\n<\/div>\n<div class=\"article-post\">\n<p>Hola, Te presentamos nuestro Sistema de Administraci\u00f3n de Colegios Profesionales \u00abGREMIA\u00bb con el cual podr\u00e1s centralizar tu informaci\u00f3n y automatizar procesos cr\u00edticos de tu instituci\u00f3n. GREMIA es l\u00edder en el Per\u00fa, se encuentra 100% en la nube, es multiplataforma,...<\/p>\n<a href=\"https:\/\/allintecperu.com\/es\/emprendimiento\/sistema-de-administracion-de-colegios-profesionales-sacpro\/\">Read more...<\/a>\n<\/div>\n<\/div>\n<\/div>\n<\/li>\n<li>\n<div class=\"blog-box\">\n<div class=\"blog-thumbls\">\n<img decoding=\"async\" src=\"https:\/\/allintecperu.com\/es\/wp-content\/uploads\/bfi_thumb\/seguridad-datos-maeus2nx0vg0ioae46vg41kokrenuzzb206qcdnh14.jpg\" class=\"img-responsive\" alt=\"5 cuestiones a tener en cuenta para la gesti\u00f3n de identidades\" \/>\n<\/div>\n<div class=\"artcle\">\n<div class=\"article-head\">\n<div class=\"date-post\">\n<span class=\"date\">08<\/span>\n<span class=\"mo-year\">06-2015<\/span>\n<\/div>\n<h5>5 cuestiones a tener en cuenta para la gesti\u00f3n de identidades<\/h5>\n<ul class=\"meta-post\">\n<li><i class=\"fa fa-user\"><\/i> <a href=\"https:\/\/allintecperu.com\/es\/author\/admin\/\">admin<\/a><\/li>\n<li><i class=\"fa fa-file\"><\/i> \n<a href=\"https:\/\/allintecperu.com\/es\/categoria\/gratis\/\" >Gratis<\/a>\n<\/li>\n<li><i class=\"fa fa-comment\"><\/i> <a href=\"https:\/\/allintecperu.com\/es\/gratis\/171\/#respond\">\n0<\/a><\/li>\n<\/ul>\n<\/div>\n<div class=\"article-post\">\n<p>\u00a0 Seg\u00fan CA Technologies, este a\u00f1o deber\u00eda producirse ciertos cambios, como una mayor implicaci\u00f3n de los directivos de las empresas en temas de seguridad.<\/p>\n<a href=\"https:\/\/allintecperu.com\/es\/gratis\/171\/\">Read more...<\/a>\n<\/div>\n<\/div>\n<\/div>\n<\/li>\n<li>\n<div class=\"blog-box\">\n<div class=\"blog-thumbls\">\n<img decoding=\"async\" src=\"https:\/\/allintecperu.com\/es\/wp-content\/uploads\/bfi_thumb\/movilidad-negocios-maevgfnc5asjeuwiv7yd8e9qt9c4clovekur3jj5rs.jpg\" class=\"img-responsive\" alt=\"Las iniciativas de movilidad generan importantes beneficios para el negocio\" \/>\n<\/div>\n<div class=\"artcle\">\n<div class=\"article-head\">\n<div class=\"date-post\">\n<span class=\"date\">07<\/span>\n<span class=\"mo-year\">06-2015<\/span>\n<\/div>\n<h5>Las iniciativas de movilidad generan importantes beneficios para el negocio<\/h5>\n<ul class=\"meta-post\">\n<li><i class=\"fa fa-user\"><\/i> <a href=\"https:\/\/allintecperu.com\/es\/author\/admin\/\">admin<\/a><\/li>\n<li><i class=\"fa fa-file\"><\/i> \n<a href=\"https:\/\/allintecperu.com\/es\/categoria\/sin-categoria\/\" >Sin categor\u00eda<\/a>\n<\/li>\n<li><i class=\"fa fa-comment\"><\/i> <a href=\"https:\/\/allintecperu.com\/es\/sin-categoria\/las-iniciativas-de-movilidad-generan-importantes-beneficios-para-el-negocio\/#comments\">\nNo<\/a><\/li>\n<\/ul>\n<\/div>\n<div class=\"article-post\">\n<p>Las empresas han aumentado el n\u00famero de clientes y los ingresos procedentes de las aplicaciones m\u00f3viles, adem\u00e1s de mejorar la experiencia de usuario.<\/p>\n<a href=\"https:\/\/allintecperu.com\/es\/sin-categoria\/las-iniciativas-de-movilidad-generan-importantes-beneficios-para-el-negocio\/\">Read more...<\/a>\n<\/div>\n<\/div>\n<\/div>\n<\/li>\n<li>\n<div class=\"blog-box\">\n<div class=\"blog-thumbls\">\n<img decoding=\"async\" src=\"https:\/\/allintecperu.com\/es\/wp-content\/uploads\/bfi_thumb\/12-macd1bm2oosfgl4vfoidzb94vjdbay4dj9qcebx3i0.jpg\" class=\"img-responsive\" alt=\"Un post con buena m\u00fasica para el d\u00eda.\" \/>\n<\/div>\n<div class=\"artcle\">\n<div class=\"article-head\">\n<div class=\"date-post\">\n<span class=\"date\">08<\/span>\n<span class=\"mo-year\">11-2014<\/span>\n<\/div>\n<h5>Un post con buena m\u00fasica para el d\u00eda.<\/h5>\n<ul class=\"meta-post\">\n<li><i class=\"fa fa-user\"><\/i> <a href=\"https:\/\/allintecperu.com\/es\/author\/admin\/\">admin<\/a><\/li>\n<li><i class=\"fa fa-file\"><\/i> \n<a href=\"https:\/\/allintecperu.com\/es\/categoria\/multimedia\/\" >Multimedia<\/a>\n<\/li>\n<li><i class=\"fa fa-comment\"><\/i> <a href=\"https:\/\/allintecperu.com\/es\/multimedia\/un-post-con-buena-musica-para-el-dia\/#respond\">\n0<\/a><\/li>\n<\/ul>\n<\/div>\n<div class=\"article-post\">\n<p>Musica como terapia y el manejo del estr\u00e9s. La investigaci\u00f3n ha demostrado que varias terapias musicales para la relajaci\u00f3n y el manejo del estr\u00e9s representan enfoques efectivos para la gente que necesita rehabilitaci\u00f3n. Adem\u00e1s, estos enfoques son tambi\u00e9n efectivos...<\/p>\n<a href=\"https:\/\/allintecperu.com\/es\/multimedia\/un-post-con-buena-musica-para-el-dia\/\">Read more...<\/a>\n<\/div>\n<\/div>\n<\/div>\n<\/li>\n<\/ul>\n<\/div>[\/vc_column][\/vc_row][vc_row ses_id=\u00bbpricing\u00bb ses_class=\u00bbcontain colorbg\u00bb ses_title=\u00bbPrecios planes\u00bb ses_icon=\u00bbtable\u00bb layout=\u00bbpricing_sec\u00bb fullwidth=\u00bbno\u00bb][vc_column width=\u00bb1\/3&#8243;]\n\t<div class=\"pricing-box wow bounceInDown\">\n\t\t<div class=\"pricing-head\">\n<h4>Basic<\/h4>\n<div class=\"pricing-price\"><span class=\"price\">$5.55<\/span><span class=\"time\">\/month<\/span><\/div>\n<\/div>\n<div class=\"pricing-body\">\n<ul>\n<li>No update<\/li>\n<li>32 Mbps Download speed<\/li>\n<li>3 month services<\/li>\n<li>No business aplication<\/li>\n<li>Support android only<\/li>\n<li class=\"bottom\"><a class=\"btn btn-default btn-lg\" href=\"#\">Get it now<\/a><\/li>\n<\/ul>\n<\/div>\n\n\t<\/div>[\/vc_column][vc_column width=\u00bb1\/3&#8243;]\n\t<div class=\"pricing-box centered wow bounceInDown\" data-wow-delay=\"0.6s\">\n\t\t<div class=\"pricing-head\">\n<h4>Perofessional<\/h4>\n<div class=\"pricing-price\"><span class=\"price\">$17.55<\/span><span class=\"time\">\/month<\/span><\/div>\n<\/div>\n<div class=\"pricing-body\">\n<ul>\n<li>Free update<\/li>\n<li>128 Mbps Download speed<\/li>\n<li>1 year services<\/li>\n<li>No business aplication<\/li>\n<li>Support on IOS<\/li>\n<li class=\"bottom\"><a class=\"btn btn-default btn-lg\" href=\"#\">Get it now<\/a><\/li>\n<\/ul>\n<\/div>\n\n\t<\/div>[\/vc_column][vc_column width=\u00bb1\/3&#8243;]\n\t<div class=\"pricing-box wow bounceInDown\" data-wow-delay=\"0.8s\">\n\t\t<div class=\"pricing-head\">\n<h4>Business<\/h4>\n<div class=\"pricing-price\"><span class=\"price\">$28.55<\/span><span class=\"time\">\/month<\/span><\/div>\n<\/div>\n<div class=\"pricing-body\">\n<ul>\n<li>Free update<\/li>\n<li>256 Mbps Download speed<\/li>\n<li>4 year services<\/li>\n<li>Business aplication included<\/li>\n<li>Support on IOS<\/li>\n<li class=\"bottom\"><a class=\"btn btn-default btn-lg\" href=\"#\">Get it now<\/a><\/li>\n<\/ul>\n<\/div>\n\n\t<\/div>[\/vc_column][\/vc_row][vc_row ses_id=\u00bbcontact\u00bb ses_class=\u00bbcontain colorbg\u00bb ses_title=\u00bbContactenos\u00bb layout=\u00bbcontact_sec\u00bb fullwidth=\u00bbno\u00bb][vc_column wap_class=\u00bbcontact-wrapper\u00bb]<i class=\"fa fa-envelope wow rotateIn\" data-wow-delay=\"0.4s\"><\/i>\n<div class=\"wpcf7 no-js\" id=\"wpcf7-f128-o1\" lang=\"en-US\" dir=\"ltr\" data-wpcf7-id=\"128\">\n<div class=\"screen-reader-response\"><p role=\"status\" aria-live=\"polite\" aria-atomic=\"true\"><\/p> <ul><\/ul><\/div>\n<form action=\"\/es\/wp-json\/wp\/v2\/pages\/35#wpcf7-f128-o1\" method=\"post\" class=\"wpcf7-form init\" aria-label=\"Contact form\" novalidate=\"novalidate\" data-status=\"init\">\n<fieldset class=\"hidden-fields-container\"><input type=\"hidden\" name=\"_wpcf7\" value=\"128\" \/><input type=\"hidden\" name=\"_wpcf7_version\" value=\"6.1.5\" \/><input type=\"hidden\" name=\"_wpcf7_locale\" value=\"en_US\" \/><input type=\"hidden\" name=\"_wpcf7_unit_tag\" value=\"wpcf7-f128-o1\" \/><input type=\"hidden\" name=\"_wpcf7_container_post\" value=\"0\" \/><input type=\"hidden\" name=\"_wpcf7_posted_data_hash\" value=\"\" \/>\n<\/fieldset>\n<div class=\"contact-body wow rotateInDownLeft\" data-wow-delay=\"0.4s\">\n\t<p><strong>Direcci\u00f3n:<\/strong> Av. Leon Velarde 116 - Lince\/Jesus Maria - Lima\n\t<\/p>\n\t<p><strong>Telefono:<\/strong> 954005505 - <strong>Correo :<\/strong> contacto@allintecperu.com\n\t<\/p>\n\t<div class=\"clearfix\">\n\t<\/div>\n\t<div id=\"sendmessage\">\n\t\t<div class=\"alert alert-info marginbot35\">\n\t\t\t<p><button type=\"button\" class=\"close\" data-dismiss=\"alert\">&times;<\/button><br \/>\n<strong>Su mensaje ha sido enviado. Gracias!<\/strong>\n\t\t\t<\/p>\n\t\t<\/div>\n\t<\/div>\n\t<ul class=\"listForm cbp-so-section\">\n\t\t<li class=\"first-list cbp-so-side cbp-so-side-left\">\n\t\t\t<p><span class=\"wpcf7-form-control-wrap\" data-name=\"your-name\"><input size=\"40\" maxlength=\"50\" class=\"wpcf7-form-control wpcf7-text wpcf7-validates-as-required form-control input-name input-lg\" aria-required=\"true\" aria-invalid=\"false\" placeholder=\"Ingresa tu nombre . . .\" value=\"\" type=\"text\" name=\"your-name\" \/><\/span>\n\t\t\t<\/p>\n\t\t<\/li>\n\t\t<li class=\"cbp-so-side cbp-so-side-right\">\n\t\t\t<p><span class=\"wpcf7-form-control-wrap\" data-name=\"your-email\"><input size=\"40\" maxlength=\"400\" class=\"wpcf7-form-control wpcf7-email wpcf7-validates-as-required wpcf7-text wpcf7-validates-as-email form-control input-email input-lg\" aria-required=\"true\" aria-invalid=\"false\" placeholder=\"Ingresa tu correo . . .\" value=\"\" type=\"email\" name=\"your-email\" \/><\/span>\n\t\t\t<\/p>\n\t\t<\/li>\n\t\t<li class=\"full-list cbp-so-side cbp-so-side-bottom\">\n\t\t\t<p><span class=\"wpcf7-form-control-wrap\" data-name=\"your-message\"><textarea cols=\"40\" rows=\"9\" maxlength=\"2000\" class=\"wpcf7-form-control wpcf7-textarea wpcf7-validates-as-required form-control input-message input-lg\" aria-required=\"true\" aria-invalid=\"false\" placeholder=\"Escribenos aqui tu mensaje . .\" name=\"your-message\"><\/textarea><\/span>\n\t\t\t<\/p>\n\t\t<\/li>\n\t\t<li class=\"full-list text-center cbp-so-side cbp-so-side-bottom\">\n\t\t\t<p><input class=\"wpcf7-form-control wpcf7-submit has-spinner btn btn-default btn-lg\" type=\"submit\" value=\"Enviar mensaje\" \/>\n\t\t\t<\/p>\n\t\t<\/li>\n\t<\/ul>\n<\/div><div class=\"wpcf7-response-output\" aria-hidden=\"true\"><\/div>\n<\/form>\n<\/div>\n[\/vc_column][\/vc_row][vc_row][vc_column][vc_raw_js]JTNDc2NyaXB0JTNFJTIwbG9jYXRpb24uaHJlZiUzRCUyN2h0dHBzJTNBJTJGJTJGYWxsaW50ZWNwZXJ1LmNvbSUyNyUyMCUzQyUyRnNjcmlwdCUzRQ==[\/vc_raw_js][\/vc_column][\/vc_row]<\/p>\n<\/div>","protected":false},"excerpt":{"rendered":"<p>[vc_row ses_id=\u00bbintro\u00bb ses_class=\u00bbcontain colorbg\u00bb layout=\u00bbintro_sec\u00bb][vc_column width=\u00bb1\/2&#8243; animation=\u00bbyes\u00bb effect=\u00bbbounceInDown\u00bb delay=\u00bb0.2s\u00bb][vc_column_text] Allintec peru Somos una empresa inspirada en la tecnolog\u00eda moderna, estamos preparados para satisfacer las necesidades con\u00a0conocimiento en TI (Tecnolog\u00eda de la Informaci\u00f3n) en nuestro Pa\u00eds\u00a0y optimizar procesos de negocios empresariales e institucionales. Estamos especializados en el dise\u00f1o e implantaci\u00f3n de sistemas de gesti\u00f3n, la optimizaci\u00f3n [&hellip;]<\/p>\n","protected":false},"author":1,"featured_media":0,"parent":0,"menu_order":0,"comment_status":"open","ping_status":"open","template":"homepage.php","meta":{"footnotes":""},"class_list":["post-35","page","type-page","status-publish","hentry"],"_links":{"self":[{"href":"https:\/\/allintecperu.com\/es\/wp-json\/wp\/v2\/pages\/35","targetHints":{"allow":["GET"]}}],"collection":[{"href":"https:\/\/allintecperu.com\/es\/wp-json\/wp\/v2\/pages"}],"about":[{"href":"https:\/\/allintecperu.com\/es\/wp-json\/wp\/v2\/types\/page"}],"author":[{"embeddable":true,"href":"https:\/\/allintecperu.com\/es\/wp-json\/wp\/v2\/users\/1"}],"replies":[{"embeddable":true,"href":"https:\/\/allintecperu.com\/es\/wp-json\/wp\/v2\/comments?post=35"}],"version-history":[{"count":14,"href":"https:\/\/allintecperu.com\/es\/wp-json\/wp\/v2\/pages\/35\/revisions"}],"predecessor-version":[{"id":289,"href":"https:\/\/allintecperu.com\/es\/wp-json\/wp\/v2\/pages\/35\/revisions\/289"}],"wp:attachment":[{"href":"https:\/\/allintecperu.com\/es\/wp-json\/wp\/v2\/media?parent=35"}],"curies":[{"name":"wp","href":"https:\/\/api.w.org\/{rel}","templated":true}]}}